{"id":104185,"date":"2022-10-27T08:59:06","date_gmt":"2022-10-27T06:59:06","guid":{"rendered":"https:\/\/www.museoglaucolombardi.it\/?post_type=product&#038;p=104185"},"modified":"2023-12-15T10:03:55","modified_gmt":"2023-12-15T09:03:55","slug":"giacomo-cornish-1837-1910-pittore-insegnante-gentiluomo-vita-e-opere-quaderni-del-museo-n-21","status":"publish","type":"product","link":"https:\/\/www.museoglaucolombardi.it\/en\/pubblicazioni\/giacomo-cornish-1837-1910-pittore-insegnante-gentiluomo-vita-e-opere-quaderni-del-museo-n-21\/","title":{"rendered":"&#8220;Giacomo Cornish (1837-1910), pittore, insegnante, gentiluomo: vita e opere&#8221;<br>Quaderni del Museo n. 21"},"content":{"rendered":"<p><strong>A cura di Francesca Sandrini<\/strong><br \/>\n<strong>Saggi di Mariachiara Bianchi e Francesca Sandrini, pp. 81, 31 cm., ill.<\/strong><br \/>\n<strong>Collana &#8220;Quaderni del Museo&#8221;, n. 21 &#8211; Grafiche STEP; Parma, 2022.<\/strong><\/p>\n<p>Per nulla conosciuto dal pubblico e poco indagato dalla critica a causa dell&#8217;esiguo numero di opere conosciute, Giacomo Cornish, insegnante di calligrafia nelle scuole di Parma, non ebbe la pittura come suo mestiere principale, ma non per questo vi si dedic\u00f2 con meno passione e competenza. Cresciuto nel circolo pittorico di casa Carmignani, amico e coetaneo del molto pi\u00f9 prolifico Guido (a cui si deve l&#8217;unico ritratto noto di Cornish), Giacomo partecip\u00f2 attivamente alla vita culturale e artistica della citt\u00e0, che lo ricambi\u00f2 con riconoscimenti e cariche accademiche.<br \/>\nLa riconosciut\u00e0 abilit\u00e0 e competenza riguardo agli antichi maestri gli permisero di vedersi commissionare difficili restauri e numerose copie, in particolare da Correggio, ritenute tra le migliori mai effettuate, attivit\u00e0 che gli frutt\u00f2 un&#8217;insolita collaborazione anche con l&#8217;artista americana Mary Cassatt.<br \/>\nDella sua produzione originale rimane invece traccia in cataloghi e mostre su tutto il territorio nazionale; particolarmente apprezzato per i ritratti, dal suo pennello si ricordava uscito un intero mondo\u00a0&#8220;Bimbi sorridenti alla madre vicina, giovinetti affacciantisi curiosi allo spettacolo del mondo, spose fiorenti, abbronzate facce di militi, rigidi volti da magistrati, rosee giovinette, vegliardi e vecchie nonne dalla pupilla gi\u00e0 stanca, mecenati, filantropi&#8221;, tele destinate a sparire in collezioni private, offuscandone presto il ricordo.<\/p>\n<p>La vita di Giacomo Cornish, a partire dall&#8217;avvincente storia dei genitori inglesi, giunti al servizio della famiglia Borbone e per questo installatisi a Parma, e la sua opera, di cui si sono rintracciati oltre sessanta pezzi, sono ricostruite in questo agile volume, nato insieme a una mostra allestita al museo in collaborazione con la\u00a0Galleria d\u2019arte Gherardi, cui si deve l&#8217;iniziale proposta di un progetto che ha permesso di esporre molti pezzi inediti e di riscoprire un artista dimenticato.<\/p>\n<p>\u20ac 14,00\u00a0\u00a0(eventuali spese postali \u20ac 5,00)<\/p>\n","protected":false},"excerpt":{"rendered":"<p>A cura di Francesca Sandrini Saggi di Mariachiara Bianchi e  [&#8230;]<\/p>\n","protected":false},"featured_media":104186,"template":"","meta":[],"product_brand":[],"product_cat":[3466],"product_tag":[],"class_list":{"0":"post-104185","1":"product","2":"type-product","3":"status-publish","4":"has-post-thumbnail","6":"product_cat-quaderni-del-museo","8":"first","9":"instock","10":"shipping-taxable","11":"purchasable","12":"product-type-simple"},"publishpress_future_workflow_manual_trigger":{"enabledWorkflows":[]},"_links":{"self":[{"href":"https:\/\/www.museoglaucolombardi.it\/en\/wp-json\/wp\/v2\/product\/104185","targetHints":{"allow":["GET"]}}],"collection":[{"href":"https:\/\/www.museoglaucolombardi.it\/en\/wp-json\/wp\/v2\/product"}],"about":[{"href":"https:\/\/www.museoglaucolombardi.it\/en\/wp-json\/wp\/v2\/types\/product"}],"wp:featuredmedia":[{"embeddable":true,"href":"https:\/\/www.museoglaucolombardi.it\/en\/wp-json\/wp\/v2\/media\/104186"}],"wp:attachment":[{"href":"https:\/\/www.museoglaucolombardi.it\/en\/wp-json\/wp\/v2\/media?parent=104185"}],"wp:term":[{"taxonomy":"product_brand","embeddable":true,"href":"https:\/\/www.museoglaucolombardi.it\/en\/wp-json\/wp\/v2\/product_brand?post=104185"},{"taxonomy":"product_cat","embeddable":true,"href":"https:\/\/www.museoglaucolombardi.it\/en\/wp-json\/wp\/v2\/product_cat?post=104185"},{"taxonomy":"product_tag","embeddable":true,"href":"https:\/\/www.museoglaucolombardi.it\/en\/wp-json\/wp\/v2\/product_tag?post=104185"}],"curies":[{"name":"wp","href":"https:\/\/api.w.org\/{rel}","templated":true}]}}